{"id":2084,"date":"2023-10-20T09:44:10","date_gmt":"2023-10-20T09:44:10","guid":{"rendered":"https:\/\/www.lanouvellecroze.com\/a-propos\/petit-camping-en-perigord\/"},"modified":"2023-12-26T17:07:39","modified_gmt":"2023-12-26T17:07:39","slug":"small-campsite-in-perigord","status":"publish","type":"page","link":"https:\/\/www.lanouvellecroze.com\/en\/about\/small-campsite-in-perigord\/","title":{"rendered":"Family property<span> since 5 generations <\/span>"},"content":{"rendered":"","protected":false},"excerpt":{"rendered":"","protected":false},"author":3,"featured_media":0,"parent":2077,"menu_order":0,"comment_status":"closed","ping_status":"closed","template":"page-histoire.php","meta":{"_acf_changed":false,"footnotes":""},"class_list":["post-2084","page","type-page","status-publish","hentry"],"acf":[],"yoast_head":"<!-- This site is optimized with the Yoast SEO plugin v26.8 - https:\/\/yoast.com\/product\/yoast-seo-wordpress\/ -->\n<title>Family property since 5 generations  - Camping La Nouvelle Croze<\/title>\n<meta name=\"description\" content=\"D\u00e9couvrez l&#039;histoire qui se cache derri\u00e8re ce petit camping en P\u00e9rigord, propri\u00e9t\u00e9 familiale depuis 5 g\u00e9n\u00e9rations.\" \/>\n<meta name=\"robots\" content=\"index, follow, max-snippet:-1, max-image-preview:large, max-video-preview:-1\" \/>\n<link rel=\"canonical\" href=\"https:\/\/www.lanouvellecroze.com\/en\/about\/small-campsite-in-perigord\/\" \/>\n<meta property=\"og:locale\" content=\"en_US\" \/>\n<meta property=\"og:type\" content=\"article\" \/>\n<meta property=\"og:title\" content=\"Family property since 5 generations  - Camping La Nouvelle Croze\" \/>\n<meta property=\"og:description\" content=\"D\u00e9couvrez l&#039;histoire qui se cache derri\u00e8re ce petit camping en P\u00e9rigord, propri\u00e9t\u00e9 familiale depuis 5 g\u00e9n\u00e9rations.\" \/>\n<meta property=\"og:url\" content=\"https:\/\/www.lanouvellecroze.com\/en\/about\/small-campsite-in-perigord\/\" \/>\n<meta property=\"og:site_name\" content=\"Camping La Nouvelle Croze\" \/>\n<meta property=\"article:publisher\" content=\"https:\/\/www.facebook.com\/lanouvellecroze\/\" \/>\n<meta property=\"article:modified_time\" content=\"2023-12-26T17:07:39+00:00\" \/>\n<meta property=\"og:image\" content=\"https:\/\/www.lanouvellecroze.com\/wp-content\/uploads\/2023\/12\/couverture-nouvelle-croze.jpg\" \/>\n\t<meta property=\"og:image:width\" content=\"1200\" \/>\n\t<meta property=\"og:image:height\" content=\"675\" \/>\n\t<meta property=\"og:image:type\" content=\"image\/jpeg\" \/>\n<meta name=\"twitter:card\" content=\"summary_large_image\" \/>\n<meta name=\"twitter:label1\" content=\"Est. reading time\" \/>\n\t<meta name=\"twitter:data1\" content=\"5 minutes\" \/>\n<script type=\"application\/ld+json\" class=\"yoast-schema-graph\">{\"@context\":\"https:\/\/schema.org\",\"@graph\":[{\"@type\":\"WebPage\",\"@id\":\"https:\/\/www.lanouvellecroze.com\/en\/about\/small-campsite-in-perigord\/\",\"url\":\"https:\/\/www.lanouvellecroze.com\/en\/about\/small-campsite-in-perigord\/\",\"name\":\"Family property since 5 generations - Camping La Nouvelle Croze\",\"isPartOf\":{\"@id\":\"https:\/\/www.lanouvellecroze.com\/en\/#website\"},\"datePublished\":\"2023-10-20T09:44:10+00:00\",\"dateModified\":\"2023-12-26T17:07:39+00:00\",\"description\":\"D\u00e9couvrez l'histoire qui se cache derri\u00e8re ce petit camping en P\u00e9rigord, propri\u00e9t\u00e9 familiale depuis 5 g\u00e9n\u00e9rations.\",\"breadcrumb\":{\"@id\":\"https:\/\/www.lanouvellecroze.com\/en\/about\/small-campsite-in-perigord\/#breadcrumb\"},\"inLanguage\":\"en-US\",\"potentialAction\":[{\"@type\":\"ReadAction\",\"target\":[\"https:\/\/www.lanouvellecroze.com\/en\/about\/small-campsite-in-perigord\/\"]}]},{\"@type\":\"BreadcrumbList\",\"@id\":\"https:\/\/www.lanouvellecroze.com\/en\/about\/small-campsite-in-perigord\/#breadcrumb\",\"itemListElement\":[{\"@type\":\"ListItem\",\"position\":1,\"name\":\"Accueil\",\"item\":\"https:\/\/www.lanouvellecroze.com\/en\/\"},{\"@type\":\"ListItem\",\"position\":2,\"name\":\"Histoire du camping\",\"item\":\"https:\/\/www.lanouvellecroze.com\/en\/about\/\"},{\"@type\":\"ListItem\",\"position\":3,\"name\":\"Une histoire familiale\"}]},{\"@type\":\"WebSite\",\"@id\":\"https:\/\/www.lanouvellecroze.com\/en\/#website\",\"url\":\"https:\/\/www.lanouvellecroze.com\/en\/\",\"name\":\"Camping La Nouvelle Croze\",\"description\":\"Camping 3 \u00e9toiles en P\u00e9rigord Dordogne\",\"publisher\":{\"@id\":\"https:\/\/www.lanouvellecroze.com\/en\/#organization\"},\"potentialAction\":[{\"@type\":\"SearchAction\",\"target\":{\"@type\":\"EntryPoint\",\"urlTemplate\":\"https:\/\/www.lanouvellecroze.com\/en\/?s={search_term_string}\"},\"query-input\":{\"@type\":\"PropertyValueSpecification\",\"valueRequired\":true,\"valueName\":\"search_term_string\"}}],\"inLanguage\":\"en-US\"},{\"@type\":\"Organization\",\"@id\":\"https:\/\/www.lanouvellecroze.com\/en\/#organization\",\"name\":\"Camping La Nouvelle Croze\",\"url\":\"https:\/\/www.lanouvellecroze.com\/en\/\",\"logo\":{\"@type\":\"ImageObject\",\"inLanguage\":\"en-US\",\"@id\":\"https:\/\/www.lanouvellecroze.com\/en\/#\/schema\/logo\/image\/\",\"url\":\"https:\/\/www.lanouvellecroze.com\/wp-content\/uploads\/2023\/12\/logo-camping-nouvelle-croze.png\",\"contentUrl\":\"https:\/\/www.lanouvellecroze.com\/wp-content\/uploads\/2023\/12\/logo-camping-nouvelle-croze.png\",\"width\":696,\"height\":696,\"caption\":\"Camping La Nouvelle Croze\"},\"image\":{\"@id\":\"https:\/\/www.lanouvellecroze.com\/en\/#\/schema\/logo\/image\/\"},\"sameAs\":[\"https:\/\/www.facebook.com\/lanouvellecroze\/\",\"https:\/\/www.instagram.com\/lanouvellecroze\/\"]}]}<\/script>\n<!-- \/ Yoast SEO plugin. -->","yoast_head_json":{"title":"Family property since 5 generations  - Camping La Nouvelle Croze","description":"D\u00e9couvrez l'histoire qui se cache derri\u00e8re ce petit camping en P\u00e9rigord, propri\u00e9t\u00e9 familiale depuis 5 g\u00e9n\u00e9rations.","robots":{"index":"index","follow":"follow","max-snippet":"max-snippet:-1","max-image-preview":"max-image-preview:large","max-video-preview":"max-video-preview:-1"},"canonical":"https:\/\/www.lanouvellecroze.com\/en\/about\/small-campsite-in-perigord\/","og_locale":"en_US","og_type":"article","og_title":"Family property since 5 generations  - Camping La Nouvelle Croze","og_description":"D\u00e9couvrez l'histoire qui se cache derri\u00e8re ce petit camping en P\u00e9rigord, propri\u00e9t\u00e9 familiale depuis 5 g\u00e9n\u00e9rations.","og_url":"https:\/\/www.lanouvellecroze.com\/en\/about\/small-campsite-in-perigord\/","og_site_name":"Camping La Nouvelle Croze","article_publisher":"https:\/\/www.facebook.com\/lanouvellecroze\/","article_modified_time":"2023-12-26T17:07:39+00:00","og_image":[{"width":1200,"height":675,"url":"https:\/\/www.lanouvellecroze.com\/wp-content\/uploads\/2023\/12\/couverture-nouvelle-croze.jpg","type":"image\/jpeg"}],"twitter_card":"summary_large_image","twitter_misc":{"Est. reading time":"5 minutes"},"schema":{"@context":"https:\/\/schema.org","@graph":[{"@type":"WebPage","@id":"https:\/\/www.lanouvellecroze.com\/en\/about\/small-campsite-in-perigord\/","url":"https:\/\/www.lanouvellecroze.com\/en\/about\/small-campsite-in-perigord\/","name":"Family property since 5 generations - Camping La Nouvelle Croze","isPartOf":{"@id":"https:\/\/www.lanouvellecroze.com\/en\/#website"},"datePublished":"2023-10-20T09:44:10+00:00","dateModified":"2023-12-26T17:07:39+00:00","description":"D\u00e9couvrez l'histoire qui se cache derri\u00e8re ce petit camping en P\u00e9rigord, propri\u00e9t\u00e9 familiale depuis 5 g\u00e9n\u00e9rations.","breadcrumb":{"@id":"https:\/\/www.lanouvellecroze.com\/en\/about\/small-campsite-in-perigord\/#breadcrumb"},"inLanguage":"en-US","potentialAction":[{"@type":"ReadAction","target":["https:\/\/www.lanouvellecroze.com\/en\/about\/small-campsite-in-perigord\/"]}]},{"@type":"BreadcrumbList","@id":"https:\/\/www.lanouvellecroze.com\/en\/about\/small-campsite-in-perigord\/#breadcrumb","itemListElement":[{"@type":"ListItem","position":1,"name":"Accueil","item":"https:\/\/www.lanouvellecroze.com\/en\/"},{"@type":"ListItem","position":2,"name":"Histoire du camping","item":"https:\/\/www.lanouvellecroze.com\/en\/about\/"},{"@type":"ListItem","position":3,"name":"Une histoire familiale"}]},{"@type":"WebSite","@id":"https:\/\/www.lanouvellecroze.com\/en\/#website","url":"https:\/\/www.lanouvellecroze.com\/en\/","name":"Camping La Nouvelle Croze","description":"Camping 3 \u00e9toiles en P\u00e9rigord Dordogne","publisher":{"@id":"https:\/\/www.lanouvellecroze.com\/en\/#organization"},"potentialAction":[{"@type":"SearchAction","target":{"@type":"EntryPoint","urlTemplate":"https:\/\/www.lanouvellecroze.com\/en\/?s={search_term_string}"},"query-input":{"@type":"PropertyValueSpecification","valueRequired":true,"valueName":"search_term_string"}}],"inLanguage":"en-US"},{"@type":"Organization","@id":"https:\/\/www.lanouvellecroze.com\/en\/#organization","name":"Camping La Nouvelle Croze","url":"https:\/\/www.lanouvellecroze.com\/en\/","logo":{"@type":"ImageObject","inLanguage":"en-US","@id":"https:\/\/www.lanouvellecroze.com\/en\/#\/schema\/logo\/image\/","url":"https:\/\/www.lanouvellecroze.com\/wp-content\/uploads\/2023\/12\/logo-camping-nouvelle-croze.png","contentUrl":"https:\/\/www.lanouvellecroze.com\/wp-content\/uploads\/2023\/12\/logo-camping-nouvelle-croze.png","width":696,"height":696,"caption":"Camping La Nouvelle Croze"},"image":{"@id":"https:\/\/www.lanouvellecroze.com\/en\/#\/schema\/logo\/image\/"},"sameAs":["https:\/\/www.facebook.com\/lanouvellecroze\/","https:\/\/www.instagram.com\/lanouvellecroze\/"]}]}},"_links":{"self":[{"href":"https:\/\/www.lanouvellecroze.com\/en\/wp-json\/wp\/v2\/pages\/2084","targetHints":{"allow":["GET"]}}],"collection":[{"href":"https:\/\/www.lanouvellecroze.com\/en\/wp-json\/wp\/v2\/pages"}],"about":[{"href":"https:\/\/www.lanouvellecroze.com\/en\/wp-json\/wp\/v2\/types\/page"}],"author":[{"embeddable":true,"href":"https:\/\/www.lanouvellecroze.com\/en\/wp-json\/wp\/v2\/users\/3"}],"replies":[{"embeddable":true,"href":"https:\/\/www.lanouvellecroze.com\/en\/wp-json\/wp\/v2\/comments?post=2084"}],"version-history":[{"count":2,"href":"https:\/\/www.lanouvellecroze.com\/en\/wp-json\/wp\/v2\/pages\/2084\/revisions"}],"predecessor-version":[{"id":2196,"href":"https:\/\/www.lanouvellecroze.com\/en\/wp-json\/wp\/v2\/pages\/2084\/revisions\/2196"}],"up":[{"embeddable":true,"href":"https:\/\/www.lanouvellecroze.com\/en\/wp-json\/wp\/v2\/pages\/2077"}],"wp:attachment":[{"href":"https:\/\/www.lanouvellecroze.com\/en\/wp-json\/wp\/v2\/media?parent=2084"}],"curies":[{"name":"wp","href":"https:\/\/api.w.org\/{rel}","templated":true}]}}